{"id":99,"date":"2022-05-25T00:05:04","date_gmt":"2022-05-25T00:05:04","guid":{"rendered":"https:\/\/augustojunior.com.br\/blog\/?page_id=99"},"modified":"2022-07-18T16:51:49","modified_gmt":"2022-07-18T16:51:49","slug":"bureau3d","status":"publish","type":"page","link":"https:\/\/augustojunior.com.br\/blog\/bureau3d\/","title":{"rendered":"#Bureau3D"},"content":{"rendered":"<p>3\u00ba \u2013 Bureau 3D<\/p>\n<p>Um bureau de impress\u00e3o 3D para toda sorte de objetos, com foco na produ\u00e7\u00e3o de \u00f3rteses e pr\u00f3teses humanas feitas sob medida para a reabilita\u00e7\u00e3o de pessoas com defici\u00eancias f\u00edsico motoras como meu filho Augusto Neto. Al\u00e9m de satisfazer as necessidades gerais do mercado, esse projeto tem como objetivo tamb\u00e9m destinar 50% de todo lucro para a impress\u00e3o de material para quem precisa e infelizmente n\u00e3o tem como pagar.<\/p>\n<p>Quer colaborar com o projeto?<\/p>\n<p><img loading=\"lazy\" decoding=\"async\" class=\"wp-image-93 size-full aligncenter\" src=\"https:\/\/augustojunior.com.br\/blog\/wp-content\/uploads\/2022\/05\/Qr-Code-Anti171.jpeg\" alt=\"anti171@augustojunior.com.br\" width=\"387\" height=\"357\" srcset=\"https:\/\/augustojunior.com.br\/blog\/wp-content\/uploads\/2022\/05\/Qr-Code-Anti171.jpeg 387w, https:\/\/augustojunior.com.br\/blog\/wp-content\/uploads\/2022\/05\/Qr-Code-Anti171-300x277.jpeg 300w\" sizes=\"auto, (max-width: 387px) 100vw, 387px\" \/><\/p>\n<p>Todo valor doado que o colaborador enviar o comprovante com a hashtag <strong>#Bureau3D<\/strong>\u00a0atrav\u00e9s da pagina\u00a0<strong>augustojunior.com.br\/#contato<\/strong>\u00a0receber\u00e1 um <b>Voucher de Impress\u00e3o<\/b> no valor doado e ter\u00e1 prioridade de impress\u00e3o de acordo com a ordem de chegada do comprovante, sendo usada ordem alfab\u00e9tica como crit\u00e9rio de desempate.<\/p>\n<p>Utilize\u00a0<a href=\"https:\/\/augustojunior.com.br\/#contato\"><b>este link<\/b><\/a> para enviar o comprovante da doa\u00e7\u00e3o e receba em seu email acesso ao grupo de WPP, Telegram e da p\u00e1gina privada no Facebook onde ser\u00e1 efetuada a divulga\u00e7\u00e3o do progresso do projeto e a presta\u00e7\u00e3o de contas da utiliza\u00e7\u00e3o do valor arrecadado com total transpar\u00eancia.<\/p>\n<p>Colabore com o projeto:<br \/>\nHastag #Bureau3D<br \/>\nPIX: anti171@augustojunior.com.br<br \/>\nComprovante:\u00a0<a href=\"https:\/\/augustojunior.com.br\/#contato\">augustojunior.com.br\/#contato<\/a>.<\/p>\n","protected":false},"excerpt":{"rendered":"<p>3\u00ba \u2013 Bureau 3D Um bureau de impress\u00e3o 3D para toda sorte de objetos, com foco na produ\u00e7\u00e3o de \u00f3rteses e pr\u00f3teses humanas feitas sob medida para a reabilita\u00e7\u00e3o de pessoas com defici\u00eancias f\u00edsico motoras como meu filho Augusto Neto. Al\u00e9m de satisfazer as necessidades gerais do mercado, esse projeto tem como objetivo tamb\u00e9m destinar &hellip; <\/p>\n<p class=\"link-more\"><a href=\"https:\/\/augustojunior.com.br\/blog\/bureau3d\/\" class=\"more-link\">Continue lendo<span class=\"screen-reader-text\"> &#8220;#Bureau3D&#8221;<\/span><\/a><\/p>\n","protected":false},"author":2,"featured_media":0,"parent":0,"menu_order":0,"comment_status":"closed","ping_status":"closed","template":"","meta":{"footnotes":""},"class_list":["post-99","page","type-page","status-publish","hentry"],"_links":{"self":[{"href":"https:\/\/augustojunior.com.br\/blog\/wp-json\/wp\/v2\/pages\/99","targetHints":{"allow":["GET"]}}],"collection":[{"href":"https:\/\/augustojunior.com.br\/blog\/wp-json\/wp\/v2\/pages"}],"about":[{"href":"https:\/\/augustojunior.com.br\/blog\/wp-json\/wp\/v2\/types\/page"}],"author":[{"embeddable":true,"href":"https:\/\/augustojunior.com.br\/blog\/wp-json\/wp\/v2\/users\/2"}],"replies":[{"embeddable":true,"href":"https:\/\/augustojunior.com.br\/blog\/wp-json\/wp\/v2\/comments?post=99"}],"version-history":[{"count":4,"href":"https:\/\/augustojunior.com.br\/blog\/wp-json\/wp\/v2\/pages\/99\/revisions"}],"predecessor-version":[{"id":147,"href":"https:\/\/augustojunior.com.br\/blog\/wp-json\/wp\/v2\/pages\/99\/revisions\/147"}],"wp:attachment":[{"href":"https:\/\/augustojunior.com.br\/blog\/wp-json\/wp\/v2\/media?parent=99"}],"curies":[{"name":"wp","href":"https:\/\/api.w.org\/{rel}","templated":true}]}}