{"id":68,"date":"2022-05-10T21:39:48","date_gmt":"2022-05-10T21:39:48","guid":{"rendered":"https:\/\/augustojunior.com.br\/blog\/?page_id=68"},"modified":"2024-05-13T16:03:14","modified_gmt":"2024-05-13T16:03:14","slug":"arena-360","status":"publish","type":"page","link":"https:\/\/augustojunior.com.br\/blog\/arena-360\/","title":{"rendered":"#Arena360"},"content":{"rendered":"<p><b>Arena 360<\/b> <span style=\"font-weight: 400\">*Buscando seguran\u00e7a financeira e fluxo de capital com presta\u00e7\u00e3o de servi\u00e7os e franquia, apresento a minha Arena Est\u00fadio 360.<\/span><\/p>\n<p><img loading=\"lazy\" decoding=\"async\" class=\"aligncenter wp-image-69 size-full\" src=\"https:\/\/augustojunior.com.br\/blog\/wp-content\/uploads\/2022\/05\/Arena-360-01.jpg\" alt=\"\" width=\"879\" height=\"485\" srcset=\"https:\/\/augustojunior.com.br\/blog\/wp-content\/uploads\/2022\/05\/Arena-360-01.jpg 879w, https:\/\/augustojunior.com.br\/blog\/wp-content\/uploads\/2022\/05\/Arena-360-01-300x166.jpg 300w, https:\/\/augustojunior.com.br\/blog\/wp-content\/uploads\/2022\/05\/Arena-360-01-768x424.jpg 768w\" sizes=\"auto, (max-width: 767px) 89vw, (max-width: 1000px) 54vw, (max-width: 1071px) 543px, 580px\" \/><\/p>\n<p><span style=\"font-weight: 400\">Cansado de ficar frustrado por n\u00e3o ter filmado uma jogada, uma trancada de partida, uma sa\u00edda de sinuca ou mesmo uma cagada monstra.(jogada de sorte) ou algum lance polemico, me veio a necessidade de desenvolver um aplicativo de gerenciamento e grava\u00e7\u00e3o de jogos de sinuca, mas que pode ser estendido a todo jogo de sal\u00e3o<\/span><\/p>\n<p><span style=\"font-weight: 400\">Consiste basicamente em um aplicativo que o usu\u00e1rio (cliente) baixa em seu pr\u00f3prio celular, onde ele pode ver onde tem jogo nas arenas cadastradas, qual o jogo que est\u00e3o jogando as regras do jogo em cada arena e quantos pr\u00f3ximos tem na frente dele e j\u00e1 colocar o seu nome na fila.<\/span><\/p>\n<p><img loading=\"lazy\" decoding=\"async\" class=\"wp-image-70 size-full aligncenter\" src=\"https:\/\/augustojunior.com.br\/blog\/wp-content\/uploads\/2022\/05\/Arena-360-02.jpg\" alt=\"\" width=\"887\" height=\"473\" srcset=\"https:\/\/augustojunior.com.br\/blog\/wp-content\/uploads\/2022\/05\/Arena-360-02.jpg 887w, https:\/\/augustojunior.com.br\/blog\/wp-content\/uploads\/2022\/05\/Arena-360-02-300x160.jpg 300w, https:\/\/augustojunior.com.br\/blog\/wp-content\/uploads\/2022\/05\/Arena-360-02-768x410.jpg 768w\" sizes=\"auto, (max-width: 767px) 89vw, (max-width: 1000px) 54vw, (max-width: 1071px) 543px, 580px\" \/><\/p>\n<p><span style=\"font-weight: 400\">Toda mesa ter\u00e1 no m\u00ednimo 02 c\u00e2meras transmitindo online todos os jogos, sendo que a Arena, os Jogadores e a Plataforma t\u00eam acesso aos jogos para que possam baixar e divulgar em seus pr\u00f3prios canais e perfis na internet, podendo o jogador estipular um admin ou equipe para usar os jogos do mesmo para divulga\u00e7\u00e3o e publicidade.<\/span><\/p>\n<p><span style=\"font-weight: 400\">As imagens e os dados acumulados com o uso do sistema, poder\u00e3o ser usados para promo\u00e7\u00f5es direcionadas e rankeamento de jogadores de acordo com o seu aproveitamento, al\u00e9m de apostas online.<\/span><\/p>\n<p><span style=\"font-weight: 400\">Exemplo de promo\u00e7\u00e3o:<\/span><\/p>\n<ul>\n<li style=\"font-weight: 400\"><span style=\"font-weight: 400\">01 Caixa de cerveja para a jogada ou partida com mais likes na semana.<\/span><\/li>\n<li style=\"font-weight: 400\"><span style=\"font-weight: 400\">01 Taco, copo personalizado e escaninho para o melhor jogador do m\u00eas.<\/span><\/li>\n<li style=\"font-weight: 400\"><span style=\"font-weight: 400\">Torneios com gerenciamento automatizado.<\/span><\/li>\n<li style=\"font-weight: 400\"><span style=\"font-weight: 400\">Campeonatos entre arenas podendo chegar a n\u00edvel nacional.<\/span><\/li>\n<li style=\"font-weight: 400\"><span style=\"font-weight: 400\">Campanhas personalizadas para empresas parceiras.<\/span><\/li>\n<li style=\"font-weight: 400\"><span style=\"font-weight: 400\">Pr\u00eamio em dinheiro para o maior vencedor de partidas por per\u00edodos.<\/span><\/li>\n<\/ul>\n<p><span style=\"font-weight: 400\">Ao baixar o aplicativo o cliente ter\u00e1 acesso a sua conta no pr\u00f3prio aparelho e poder\u00e1 al\u00e9m de gerenciar seus jogos, poder\u00e1 fazer os seus pedidos de consumo e controle da conta diretamente no seu perfil de usu\u00e1rio.<\/span><\/p>\n<p><span style=\"font-weight: 400\">J\u00e1 a arena poder\u00e1 fazer toda a gest\u00e3o dos jogos e da venda de produtos, estoque e financeiro diretamente no sistema, bastando deixar celulares b\u00e1sicos para serem usados por clientes n\u00e3o cadastrados ou que tenham dificuldade com tecnologia.<\/span><\/p>\n<p><span style=\"font-weight: 400\">Vem jogar comigo jogador.<\/span><\/p>\n<p><span style=\"font-weight: 400\">Quer colaborar com o projeto?<\/span><\/p>\n<figure id=\"attachment_205\" aria-describedby=\"caption-attachment-205\" style=\"width: 360px\" class=\"wp-caption aligncenter\"><a href=\"https:\/\/hotmart.com\/pt-br\/marketplace\/produtos\/arena-360-projetoanti171\/E82760944V?sck=HOTMART_MEM_CA&amp;off=3mzdqxdr\" target=\"_blank\" rel=\"noopener\"><img loading=\"lazy\" decoding=\"async\" class=\"wp-image-205 size-full\" src=\"https:\/\/augustojunior.com.br\/blog\/wp-content\/uploads\/2024\/05\/Botao-Compre-Ebook-1.jpg\" alt=\"Arena 360 - #ProjetoAnti171\" width=\"360\" height=\"166\" srcset=\"https:\/\/augustojunior.com.br\/blog\/wp-content\/uploads\/2024\/05\/Botao-Compre-Ebook-1.jpg 360w, https:\/\/augustojunior.com.br\/blog\/wp-content\/uploads\/2024\/05\/Botao-Compre-Ebook-1-300x138.jpg 300w\" sizes=\"auto, (max-width: 360px) 100vw, 360px\" \/><\/a><figcaption id=\"caption-attachment-205\" class=\"wp-caption-text\">Compre o E-Book e colabore com o projeto e com o meu \u201cPlano Infal\u00edvel\u201d<\/figcaption><\/figure>\n<p>A cada <b>E-Book<\/b> o colaborador que enviar o comprovante da compra com a hashtag #Arena360 atrav\u00e9s da pagina augustojunior.com.br\/#contato receber\u00e1 uma NFT com uma s\u00e9rie num\u00e9rica equivalente a ordem de chegada do comprovante, sendo usada ordem alfab\u00e9tica como crit\u00e9rio de desempate. Estas NFT\u2019s dar\u00e3o o direito de participar de sorteios usando os resultados da Loteria Federal.<\/p>\n<p>Utilize\u00a0<a href=\"https:\/\/augustojunior.com.br\/#contato\"><b>este link<\/b><\/a> para enviar o comprovante da compra e receba em seu email acesso ao grupo de WPP, Telegram e da p\u00e1gina privada no Facebook onde ser\u00e1 efetuada a divulga\u00e7\u00e3o do progresso do projeto e a presta\u00e7\u00e3o de contas da utiliza\u00e7\u00e3o do valor arrecadado com total transpar\u00eancia.<\/p>\n<p>A cada <strong>1000 NFT\u2019s<\/strong> emitidas ser\u00e3o sorteados <strong>05 Kits 360 (Contendo Mesa e Sistema de Grava\u00e7\u00e3o e transmiss\u00e3o On Line)<\/strong> ou um PIX no valor de mercado do <strong>Kit 360<\/strong> acordo com a op\u00e7\u00e3o do ganhador, o restante arrecadado ser\u00e1 usado para o desenvolvimento do sistema de gest\u00e3o e na fabrica\u00e7\u00e3o de <strong>Kits 360<\/strong> para a venda e Comodato em parceria.<\/p>\n<p>1000 NFT\u2019s\u00a0 = R$ 100.000,00 \u2013 Valor total arrecadado<br \/>\n30%\u00a0 \u00a0 \u00a0 \u00a0 \u00a0 \u00a0 \u00a0 \u00a0 \u00a0 \u00a0= R$ 30.000,00 \u2013 Marketing<br \/>\n30%\u00a0 \u00a0 \u00a0 \u00a0 \u00a0 \u00a0 \u00a0 \u00a0 \u00a0 \u00a0= R$ 30.000,00 \u2013 Desenvolvimento\/Adm.<br \/>\n30%\u00a0 \u00a0 \u00a0 \u00a0 \u00a0 \u00a0 \u00a0 \u00a0 \u00a0 \u00a0= R$ 30.000,00 \u2013 Jur\u00eddico\/Cont\u00e1bil<br \/>\n10%\u00a0 \u00a0 \u00a0 \u00a0 \u00a0 \u00a0 \u00a0 \u00a0 \u00a0 \u00a0 = R$ 10.000,00 \u2013 Fundo reserva\/Capital de Giro<\/p>\n<p><span style=\"font-weight: 400\">E a cada 10.000 NFT\u00b4s 01 arena completa com valor de at\u00e9:<br \/>\n<strong>R$ 200.000,00 (duzentos mil Reais)<\/strong><\/span><\/p>\n<figure id=\"attachment_206\" aria-describedby=\"caption-attachment-206\" style=\"width: 1150px\" class=\"wp-caption alignnone\"><a href=\"http:\/\/https:\/\/hotmart.com\/pt-br\/marketplace\/produtos\/arena-360-projetoanti171\/E82760944V?sck=HOTMART_MEM_CA&amp;off=3mzdqxdr\" target=\"_blank\" rel=\"noopener\"><img loading=\"lazy\" decoding=\"async\" class=\"wp-image-206 size-full\" src=\"https:\/\/augustojunior.com.br\/blog\/wp-content\/uploads\/2024\/05\/Arena-Mobiliada.png\" alt=\"Arena 360 - #ProjetoAnti171 Modelo 3D\" width=\"1150\" height=\"750\" srcset=\"https:\/\/augustojunior.com.br\/blog\/wp-content\/uploads\/2024\/05\/Arena-Mobiliada.png 1150w, https:\/\/augustojunior.com.br\/blog\/wp-content\/uploads\/2024\/05\/Arena-Mobiliada-300x196.png 300w, https:\/\/augustojunior.com.br\/blog\/wp-content\/uploads\/2024\/05\/Arena-Mobiliada-1024x668.png 1024w, https:\/\/augustojunior.com.br\/blog\/wp-content\/uploads\/2024\/05\/Arena-Mobiliada-768x501.png 768w\" sizes=\"auto, (max-width: 767px) 89vw, (max-width: 1000px) 54vw, (max-width: 1071px) 543px, 580px\" \/><\/a><figcaption id=\"caption-attachment-206\" class=\"wp-caption-text\">Modelo 3D<\/figcaption><\/figure>\n<p>Modelo Ilustrativo em estrutura container.<\/p>\n<p>Colabore com o projeto:<br \/>\nHastag #Arena36<br \/>\n<a href=\"https:\/\/hotmart.com\/pt-br\/marketplace\/produtos\/pit-bulls-projetoanti171\/B82746773G?sck=HOTMART_MEM_CA&amp;off=n0jebiq4\">Compre o E-Book<\/a><br \/>\nOu se preferir doar diretamente:<br \/>\nPIX: anti171@augustojunior.com.br<br \/>\nComprovante:\u00a0<a href=\"https:\/\/augustojunior.com.br\/#contato\">augustojunior.com.br\/#contato<\/a><\/p>\n<p style=\"text-align: center\"><strong>VEM JOGAR COMIGO JOGADOR!<\/strong><\/p>\n<p>&nbsp;<\/p>\n","protected":false},"excerpt":{"rendered":"<p>Arena 360 *Buscando seguran\u00e7a financeira e fluxo de capital com presta\u00e7\u00e3o de servi\u00e7os e franquia, apresento a minha Arena Est\u00fadio 360. Cansado de ficar frustrado por n\u00e3o ter filmado uma jogada, uma trancada de partida, uma sa\u00edda de sinuca ou mesmo uma cagada monstra.(jogada de sorte) ou algum lance polemico, me veio a necessidade de &hellip; <\/p>\n<p class=\"link-more\"><a href=\"https:\/\/augustojunior.com.br\/blog\/arena-360\/\" class=\"more-link\">Continue lendo<span class=\"screen-reader-text\"> &#8220;#Arena360&#8221;<\/span><\/a><\/p>\n","protected":false},"author":2,"featured_media":0,"parent":0,"menu_order":0,"comment_status":"closed","ping_status":"closed","template":"","meta":{"footnotes":""},"class_list":["post-68","page","type-page","status-publish","hentry"],"_links":{"self":[{"href":"https:\/\/augustojunior.com.br\/blog\/wp-json\/wp\/v2\/pages\/68","targetHints":{"allow":["GET"]}}],"collection":[{"href":"https:\/\/augustojunior.com.br\/blog\/wp-json\/wp\/v2\/pages"}],"about":[{"href":"https:\/\/augustojunior.com.br\/blog\/wp-json\/wp\/v2\/types\/page"}],"author":[{"embeddable":true,"href":"https:\/\/augustojunior.com.br\/blog\/wp-json\/wp\/v2\/users\/2"}],"replies":[{"embeddable":true,"href":"https:\/\/augustojunior.com.br\/blog\/wp-json\/wp\/v2\/comments?post=68"}],"version-history":[{"count":12,"href":"https:\/\/augustojunior.com.br\/blog\/wp-json\/wp\/v2\/pages\/68\/revisions"}],"predecessor-version":[{"id":207,"href":"https:\/\/augustojunior.com.br\/blog\/wp-json\/wp\/v2\/pages\/68\/revisions\/207"}],"wp:attachment":[{"href":"https:\/\/augustojunior.com.br\/blog\/wp-json\/wp\/v2\/media?parent=68"}],"curies":[{"name":"wp","href":"https:\/\/api.w.org\/{rel}","templated":true}]}}