{"id":65,"date":"2022-05-10T21:25:19","date_gmt":"2022-05-10T21:25:19","guid":{"rendered":"https:\/\/augustojunior.com.br\/blog\/?page_id=65"},"modified":"2022-07-18T13:31:09","modified_gmt":"2022-07-18T13:31:09","slug":"digital-dreams","status":"publish","type":"page","link":"https:\/\/augustojunior.com.br\/blog\/digital-dreams\/","title":{"rendered":"#DigitalDreams"},"content":{"rendered":"<p><strong>Clube Virtual Premium Voltado Para Quem Quer Fazer a Diferen\u00e7a!<\/strong><\/p>\n<p><b>Objetivo do Clube<\/b><\/p>\n<p><b>Disponibilizar espa\u00e7o para que pessoas possam gerar conte\u00fado e emitir opini\u00f5es sobre assuntos de seu interesse<\/b><span style=\"font-weight: 400\">, medindo de forma estat\u00edstica o qu\u00e3o envolvida a comunidade \u00e9 com certos t\u00f3picos e quais as opini\u00f5es mais relevantes para os mesmos, possibilitando uma pluralidade de pesquisas sobre temas diversos. <\/span><span style=\"font-weight: 400\"><br \/>\n<\/span><span style=\"font-weight: 400\"><br \/>\n<\/span><span style=\"font-weight: 400\">Oferecer servi\u00e7os online de acordo com as <\/span><b>necessidades modernas de um espa\u00e7o popular livre.<\/b><\/p>\n<p><b>Gerar renda de forma democr\u00e1tica<\/b><span style=\"font-weight: 400\">, incentivando o empreendedorismo e o cr\u00e9dito direto.\u00a0<\/span><\/p>\n<p><span style=\"font-weight: 400\">Apontar solu\u00e7\u00f5es abrangentes para os mais diversos<\/span><b> problemas tecnol\u00f3gicos e sociais<\/b><span style=\"font-weight: 400\">.\u00a0<\/span><\/p>\n<p><b>Conceito<\/b><\/p>\n<p><span style=\"font-weight: 400\">Clube virtual, formado por pessoas com mentalidade empreendedora, que acreditam em uma <\/span><b>redistribui\u00e7\u00e3o de renda democr\u00e1tica atrav\u00e9s da iniciativa privada<\/b><span style=\"font-weight: 400\">. Feito para e por aqueles que acreditam numa <\/span><b>internet livre de censura<\/b><span style=\"font-weight: 400\">, mas n\u00e3o de consequ\u00eancias, onde a <\/span><b>criatividade<\/b><span style=\"font-weight: 400\"> e a responsabilidade <\/span><b>pessoal e comunit\u00e1ria<\/b><span style=\"font-weight: 400\"> \u00e9 recompensada atrav\u00e9s da remunera\u00e7\u00e3o financeira.\u00a0<\/span><\/p>\n<p style=\"text-align: center\"><b>\u201cAo falar de distribui\u00e7\u00e3o de renda nunca fale em dividir o que tem, fale em acumular em quem quer produzir, simples assim.\u201d\u00a0<\/b><\/p>\n<p><span style=\"font-weight: 400\">Ao criar um perfil virtual \u00fanico voc\u00ea ter\u00e1 acesso aos servi\u00e7os e produtos oferecidos atrav\u00e9s do clube, al\u00e9m d<\/span><span style=\"font-weight: 400\">a possibilidade de <\/span><b>incentivar ou\u00a0desincentivar\u00a0monetariamente<\/b><span style=\"font-weight: 400\"> projetos, realiza\u00e7\u00f5es pessoais e causas humanit\u00e1rias apresentadas para a comunidade por outros usu\u00e1rios. <\/span><b>Apoie os conte\u00fados que julgar merecedores e taxe os que julgar prejudiciais ou irrelevantes,<\/b><span style=\"font-weight: 400\">\u00a0tudo atrav\u00e9s da sua pr\u00f3pria carteira digital e do sistema de cr\u00e9dito da Digital Dreams.<\/span><\/p>\n<p><b>Carteira Digital<\/b><\/p>\n<p><span style=\"font-weight: 400\">Ative sua carteira digital ao comprar um<\/span><b> pack de cr\u00e9dito<\/b><span style=\"font-weight: 400\">, possibilitando a distribui\u00e7\u00e3o de credito a conte\u00fados relevantes e <\/span><b>a monetiza\u00e7\u00e3o do conte\u00fado por voc\u00ea gerado<\/b><span style=\"font-weight: 400\">. Veja de forma instant\u00e2nea<\/span><b> os resultados positivos ou negativos<\/b><span style=\"font-weight: 400\"> do seu conte\u00fado, pague de forma pr\u00e1tica por servi\u00e7os contratados atrav\u00e9s da Digital Dreams e compre produtos <\/span><b>exclusivos<\/b><span style=\"font-weight: 400\"> do nosso clube.<\/span><\/p>\n<p><b>Web Hosting<\/b><\/p>\n<p><span style=\"font-weight: 400\">Hospede seu site conosco, tenha seu pr\u00f3prio dom\u00ednio e a sua p\u00e1gina\/blog <\/span><b>n\u00e3o moderada<\/b><span style=\"font-weight: 400\">. Poste seu conte\u00fado, compartilhe seus projetos, suas ideias e suas realiza\u00e7\u00f5es ou desejos pessoais com total controle sobre o que pode ou n\u00e3o ser dito, <\/span><b>sem limites<\/b><span style=\"font-weight: 400\"> para sua express\u00e3o <\/span><b>art\u00edstica<\/b><span style=\"font-weight: 400\"> ou <\/span><b>ideol\u00f3gica<\/b><span style=\"font-weight: 400\">.<\/span><span style=\"font-weight: 400\"><br \/>\n<\/span><span style=\"font-weight: 400\">Total <\/span><b>controle<\/b><span style=\"font-weight: 400\">, toda <\/span><b>liberdade<\/b><span style=\"font-weight: 400\"> e tamb\u00e9m, obviamente, toda <\/span><b>responsabilidade<\/b><span style=\"font-weight: 400\">.<\/span><\/p>\n<p><span style=\"font-weight: 400\">Compartilhe sua pagina em nosso clube, deixe que seja descoberta atrav\u00e9s do nosso sistema de tags, monetize indexando nosso sistema de coment\u00e1rios. <\/span><b>Use seu pequeno peda\u00e7o da internet como ferramenta para mudar n\u00e3o s\u00f3 sua vida mas possivelmente a vida de outras pessoas.\u00a0<\/b><\/p>\n<p><b>Coment\u00e1rios<\/b><\/p>\n<p><span style=\"font-weight: 400\">Sistema de coment\u00e1rios index\u00e1vel em toda e qualquer p\u00e1gina afiliada a Digital Dreams, projetado j\u00e1 com o sistema classificat\u00f3rio em mente e planejado n\u00e3o apenas para intera\u00e7\u00e3o social entre criadores e consumidores de conte\u00fado, <\/span><b>mas tamb\u00e9m para monetiza\u00e7\u00e3o do conte\u00fado nele gerado.\u00a0<\/b><\/p>\n<p><span style=\"font-weight: 400\">Coment\u00e1rios ficar\u00e3o arquivados em hist\u00f3rico acessado no perfil pessoal de cada usu\u00e1rio, e no conte\u00fado comentado, sujeito a classifica\u00e7\u00e3o positiva\/negativa e consequ\u00eancias de acordo com o conte\u00fado do mesmo.<\/span><span style=\"font-weight: 400\">\u00a0<\/span><\/p>\n<p><b>Tags<\/b><\/p>\n<p><span style=\"font-weight: 400\">Sistema de tags para marcar o tipo de conte\u00fado e p\u00e1gina presentes no clube, facilitando o <\/span><b>descobrimento de conte\u00fado com relev\u00e2ncia pessoal por parte dos usu\u00e1rios e a explora\u00e7\u00e3o de nichos por parte de criadores de conte\u00fado.\u00a0<\/b><\/p>\n<p>Quer colaborar com o projeto?<\/p>\n<p><img loading=\"lazy\" decoding=\"async\" class=\"wp-image-93 size-full aligncenter\" src=\"https:\/\/augustojunior.com.br\/blog\/wp-content\/uploads\/2022\/05\/Qr-Code-Anti171.jpeg\" alt=\"anti171@augustojunior.com.br\" width=\"387\" height=\"357\" srcset=\"https:\/\/augustojunior.com.br\/blog\/wp-content\/uploads\/2022\/05\/Qr-Code-Anti171.jpeg 387w, https:\/\/augustojunior.com.br\/blog\/wp-content\/uploads\/2022\/05\/Qr-Code-Anti171-300x277.jpeg 300w\" sizes=\"auto, (max-width: 387px) 100vw, 387px\" \/><\/p>\n<p>A cada\u00a0<strong>R$ 150,00<\/strong> doados o colaborador que enviar o comprovante com a hashtag <strong>#DigitalDreams<\/strong> atrav\u00e9s da pagina <strong>augustojunior.com.br\/#contato<\/strong> receber\u00e1 um <strong>Token\u00a0<\/strong><b>Criptogr\u00e1fico<\/b> ou <strong>Fra\u00e7\u00e3o<\/strong> de acordo com a ordem de chegada do comprovante, sendo usada ordem alfab\u00e9tica como crit\u00e9rio de desempate de acordo com a tabela abaixo:<\/p>\n<p>10.000 Usu\u00e1rios = 1,00 token<br \/>\n100.000 Usu\u00e1rios = 0,50 token<br \/>\n1.000.000 Usu\u00e1rios = 0,25 token<br \/>\n&#8212;&#8212;&#8212;&#8212;&#8212;&#8212;&#8212;&#8212;&#8212;&#8212;&#8212;&#8212;&#8212;&#8211;<br \/>\n1.110.000 Usu\u00e1rios no total, receberam 310,000 tokens<\/p>\n<p>O total do capital acion\u00e1rio da comunidade equivaler\u00e1 a 1.000.000 de tokens e uma parte do restante ser\u00e1 distribu\u00edda entre os desenvolvedores do projeto usando conceitos de &#8220;Stock Options e Cliff e Vesting&#8221; e parte ser\u00e1 comercializada ou n\u00e3o, ap\u00f3s o cumprimento de metas de acordo com os interesses da comunidade.<\/p>\n<p>Utilize\u00a0<a href=\"https:\/\/augustojunior.com.br\/#contato\"><b>este link<\/b><\/a> para enviar o comprovante da doa\u00e7\u00e3o e receba em seu email acesso ao grupo de WPP, Telegram e da p\u00e1gina privada no Facebook onde ser\u00e1 efetuada a divulga\u00e7\u00e3o do progresso do projeto e a presta\u00e7\u00e3o de contas da utiliza\u00e7\u00e3o do valor arrecadado com total transpar\u00eancia, al\u00e9m do\u00a0link para cria\u00e7\u00e3o da sua conta na Digital Dreams.<\/p>\n<p>Quem tiver tokens da comunidade ter\u00e1 participa\u00e7\u00e3o nos resultados financeiros (Lucro Liquido) de acordo com o volume adquirido.<\/p>\n<p>Demonstrativo bruto de previs\u00e3o de faturamento plano de contas:<\/p>\n<p>310,000 tokens\u00a0 = R$ 46.500.000,00 \u2013 Valor total arrecadado<br \/>\n30%\u00a0 \u00a0 \u00a0 \u00a0 \u00a0 \u00a0 \u00a0 \u00a0 \u00a0 \u00a0 \u00a0 \u00a0 \u00a0 = R$ 13.950.000,00 \u2013 Marketing<br \/>\n30%\u00a0 \u00a0 \u00a0 \u00a0 \u00a0 \u00a0 \u00a0 \u00a0 \u00a0 \u00a0 \u00a0 \u00a0 \u00a0 = R$ 13.950.000,00 \u2013 Desenvolvimento\/Adm.<br \/>\n30%\u00a0 \u00a0 \u00a0 \u00a0 \u00a0 \u00a0 \u00a0 \u00a0 \u00a0 \u00a0 \u00a0 \u00a0 \u00a0 = R$ 13.950.000,00 \u2013 Jur\u00eddico\/Cont\u00e1bil<br \/>\n10%\u00a0 \u00a0 \u00a0 \u00a0 \u00a0 \u00a0 \u00a0 \u00a0 \u00a0 \u00a0 \u00a0 \u00a0 \u00a0 \u00a0= R$\u00a0 \u00a04.650.000,00 \u2013 Lucro\/Investimento<\/p>\n<p>Colabore com o projeto:<br \/>\nHastag #DigitalDreams<br \/>\nPIX: anti171@augustojunior.com.br<br \/>\nComprovante:\u00a0<a href=\"https:\/\/augustojunior.com.br\/#contato\">augustojunior.com.br\/#contato<\/a>.<\/p>\n","protected":false},"excerpt":{"rendered":"<p>Clube Virtual Premium Voltado Para Quem Quer Fazer a Diferen\u00e7a! Objetivo do Clube Disponibilizar espa\u00e7o para que pessoas possam gerar conte\u00fado e emitir opini\u00f5es sobre assuntos de seu interesse, medindo de forma estat\u00edstica o qu\u00e3o envolvida a comunidade \u00e9 com certos t\u00f3picos e quais as opini\u00f5es mais relevantes para os mesmos, possibilitando uma pluralidade de &hellip; <\/p>\n<p class=\"link-more\"><a href=\"https:\/\/augustojunior.com.br\/blog\/digital-dreams\/\" class=\"more-link\">Continue lendo<span class=\"screen-reader-text\"> &#8220;#DigitalDreams&#8221;<\/span><\/a><\/p>\n","protected":false},"author":2,"featured_media":0,"parent":0,"menu_order":0,"comment_status":"closed","ping_status":"closed","template":"","meta":{"footnotes":""},"class_list":["post-65","page","type-page","status-publish","hentry"],"_links":{"self":[{"href":"https:\/\/augustojunior.com.br\/blog\/wp-json\/wp\/v2\/pages\/65","targetHints":{"allow":["GET"]}}],"collection":[{"href":"https:\/\/augustojunior.com.br\/blog\/wp-json\/wp\/v2\/pages"}],"about":[{"href":"https:\/\/augustojunior.com.br\/blog\/wp-json\/wp\/v2\/types\/page"}],"author":[{"embeddable":true,"href":"https:\/\/augustojunior.com.br\/blog\/wp-json\/wp\/v2\/users\/2"}],"replies":[{"embeddable":true,"href":"https:\/\/augustojunior.com.br\/blog\/wp-json\/wp\/v2\/comments?post=65"}],"version-history":[{"count":7,"href":"https:\/\/augustojunior.com.br\/blog\/wp-json\/wp\/v2\/pages\/65\/revisions"}],"predecessor-version":[{"id":146,"href":"https:\/\/augustojunior.com.br\/blog\/wp-json\/wp\/v2\/pages\/65\/revisions\/146"}],"wp:attachment":[{"href":"https:\/\/augustojunior.com.br\/blog\/wp-json\/wp\/v2\/media?parent=65"}],"curies":[{"name":"wp","href":"https:\/\/api.w.org\/{rel}","templated":true}]}}