{"id":2,"date":"2019-04-04T15:58:57","date_gmt":"2019-04-04T15:58:57","guid":{"rendered":"https:\/\/augustojunior.com.br\/blog\/?page_id=2"},"modified":"2022-07-14T00:59:23","modified_gmt":"2022-07-14T00:59:23","slug":"projeto171","status":"publish","type":"page","link":"https:\/\/augustojunior.com.br\/blog\/projeto171\/","title":{"rendered":"#ProjetoAnti171"},"content":{"rendered":"\r\n<p><b>#ProjetoAnti171<\/b><b> <\/b><\/p>\r\n<p><b><\/b><b style=\"font-size: 1rem\">Literal:\u00a0<\/b><\/p>\r\n<ul>\r\n<li><span style=\"font-weight: 400\"> Artigo 171 do <\/span><b>c\u00f3digo penal brasileiro<\/b><span style=\"font-weight: 400\">, refere-se a Estelionato: \u201cObter, para si ou para outrem, vantagem <\/span><b>il\u00edcita,<\/b><span style=\"font-weight: 400\"> em preju\u00edzo alheio, induzindo ou mantendo algu\u00e9m em erro, mediante artif\u00edcio, ardil, ou qualquer outro meio fraudulento\u201d:\u00a0<\/span><\/li>\r\n<\/ul>\r\n<p><span style=\"font-weight: 400\">Pena \u2013 reclus\u00e3o, de um a cinco anos, e multa.\u00a0<\/span><\/p>\r\n<p><b>Desafio:\u00a0<\/b><\/p>\r\n<ul>\r\n<li><span style=\"font-weight: 400\"> Obter, para <\/span><b>mim <\/b><span style=\"font-weight: 400\">e para <\/span><b>outrem<\/b><span style=\"font-weight: 400\">, vantagens <\/span><b>l\u00edcitas<\/b><span style=\"font-weight: 400\">, sem causar <\/span><b>preju\u00edzo alheio<\/b><span style=\"font-weight: 400\">, <\/span><b>induzindo <\/b><span style=\"font-weight: 400\">e <\/span><b>mantendo <\/b><span style=\"font-weight: 400\">algu\u00e9m em <\/span><b>acerto<\/b><span style=\"font-weight: 400\">, mediante <\/span><b>comunica\u00e7\u00e3o clara<\/b><span style=\"font-weight: 400\">, <\/span><b>direta<\/b><span style=\"font-weight: 400\">, e sem o uso de qualquer meio fraudulento.\u00a0<\/span><\/li>\r\n<\/ul>\r\n<p><span style=\"font-weight: 400\">Pr\u00eamio \u2013 uma comunidade com cultura empreendedora focada na gera\u00e7\u00e3o de renda de forma independente, sem depender de pol\u00edticos\u00a0<\/span><\/p>\r\n<p><b>Compromisso:\u00a0<\/b><\/p>\r\n<ul>\r\n<li><span style=\"font-weight: 400\"> Gerar renda de forma l\u00edcita e transparente estimulando a valoriza\u00e7\u00e3o de conte\u00fados relevantes e a cultura empreendedora, fazendo o certo para n\u00e3o ser preso acusado de ser \u201cs\u00f3 mais um 171\u201d<\/span><\/li>\r\n<\/ul>\r\n<p><b>O Projeto:\u00a0<\/b><\/p>\r\n<ul>\r\n<li><span style=\"font-weight: 400\"> Empreender transformando ideias, projetos e sonhos em realidade usando a internet como meio alternativo de gera\u00e7\u00e3o de renda atrav\u00e9s da presta\u00e7\u00e3o de servi\u00e7os online e da propaga\u00e7\u00e3o de conte\u00fados relevantes para quem ousa pensar de forma diferente e n\u00e3o se rende \u00e0s narrativas compartilhadas nas bolhas em que vivemos.\u00a0<\/span><\/li>\r\n<\/ul>\r\n<p><b>Eu e meus milh\u00f5es\u00a0<\/b><\/p>\r\n<ul>\r\n<li><span style=\"font-weight: 400\"> Mas qual milh\u00e3o?\u00a0<\/span><\/li>\r\n<\/ul>\r\n<p><span style=\"font-weight: 400\">Um milh\u00e3o de visualiza\u00e7\u00f5es simplesmente?\u00a0<\/span><\/p>\r\n<p><span style=\"font-weight: 400\">Ou um milh\u00e3o de visualiza\u00e7\u00f5es consolidadas, onde todos assistiram o v\u00eddeo at\u00e9 o final?\u00a0<\/span><\/p>\r\n<p><span style=\"font-weight: 400\">Talvez um milh\u00e3o de coment\u00e1rios positivos? Ou mesmo um milh\u00e3o de coment\u00e1rios negativos, quem sabe?\u00a0<\/span><\/p>\r\n<p><span style=\"font-weight: 400\">Quem sabe um milh\u00e3o em capital logo, para empreender e gerar riqueza para todos os envolvidos no projeto.\u00a0<\/span><\/p>\r\n<p><span style=\"font-weight: 400\">Para atingir qualquer um desses milh\u00f5es (e n\u00e3o se engane, eu quero todos) a primeira coisa que eu preciso \u00e9 da sua opini\u00e3o.\u00a0<\/span><\/p>\r\n<p><b>Sua opini\u00e3o \u00e9 muito importante!\u00a0<\/b><\/p>\r\n<p><span style=\"font-weight: 400\">Segundo o site do Sebrae a m\u00e9dia de convers\u00e3o de visitas em vendas ou engajamento na internet brasileira \u00e9 extremamente baixa, cerca de 1,65%. Assumindo que esse dado est\u00e1 correto: se eu conseguir um milh\u00e3o de visualiza\u00e7\u00f5es consolidadas na p\u00e1gina do <\/span><b>augustojunior.com.br <\/b><span style=\"font-weight: 400\">e se ao menos <\/span><b>um <\/b><span style=\"font-weight: 400\">dos <\/span><b>tr\u00eas <\/b><span style=\"font-weight: 400\">projetos abaixo fizer sentido para pelo ao menos esses 1,65% dos visitantes a ponto de despertar o desejo de se tornar seja um cliente, um colaborador ou at\u00e9 mesmo um investidor de fato, com certeza eu terei mercado e capital inicial necess\u00e1rio para tornar realidade n\u00e3o s\u00f3 um mas por qu\u00ea n\u00e3o os <\/span><b>tr\u00eas projetos<\/b><span style=\"font-weight: 400\">. E se fizer sentido para mais de 1,65% a\u00ed o c\u00e9u \u00e9 o limite.\u00a0<\/span><\/p>\r\n<p><span style=\"font-weight: 400\">Sem mais delongas: <\/span><b>qual dos tr\u00eas projetos abaixo faz mais sentido para voc\u00ea? <\/b><span style=\"font-weight: 400\">Qual deve sair do papel primeiro, assumindo que eu consiga pelo menos <\/span><b>um <\/b><span style=\"font-weight: 400\">dos meus milh\u00f5es?\u00a0<\/span><\/p>\r\n<p><b>Meu Hobby\u00a0<\/b><\/p>\r\n<p><b>\u2013 Arena 360\u00a0<\/b><\/p>\r\n<p><span style=\"font-weight: 400\">Sempre que chega o fim do dia e eu preciso relaxar a mente eu vou jogar uma sinuquinha apostando aquela cervejinha gelada, e de tanto ver jogadas lindas que deveriam ser filmadas e outras um tanto mais pol\u00eamicas que precisam daquele replay pra fazer o tira-teima, eu pensei: porqu\u00ea n\u00e3o criar um sistema para fazer exatamente isso? <\/span><span style=\"font-weight: 400\">um aplicativo de gerenciamento e grava\u00e7\u00e3o de jogos de sinuca<\/span><span style=\"font-weight: 400\">, onde atrav\u00e9s de um cadastro \u00fanico os jogadores podem ser ranqueados, torneios podem ser promovidos e promo\u00e7\u00f5es podem ser realizadas.\u00a0<\/span><\/p>\r\n<p><b>Meu Legado\u00a0<\/b><\/p>\r\n<p><b>\u2013 Digital Dreams Internet Club\u00a0<\/b><\/p>\r\n<p><span style=\"font-weight: 400\">Clube virtual premium de presta\u00e7\u00e3o de servi\u00e7os e gera\u00e7\u00e3o de renda online, livre de publicidade e censura, onde todo assinante atrav\u00e9s do seu perfil \u00fanico e intransfer\u00edvel pode emitir suas opini\u00f5es, gerar o conte\u00fado que achar adequado, recebendo cr\u00e9dito pelas suas contribui\u00e7\u00f5es e tendo o poder de dar cr\u00e9dito para o que ele considerar relevante.<\/span><\/p>\r\n<p><b>Drama Familiar\u00a0<\/b><\/p>\r\n<p><b>Bureau 3D\u00a0<\/b><\/p>\r\n<p><span style=\"font-weight: 400\">Um bureau de impress\u00e3o 3D para toda sorte de objetos, com foco na produ\u00e7\u00e3o de \u00f3rteses e pr\u00f3teses humanas feitas sob medida para a reabilita\u00e7\u00e3o de pessoas com defici\u00eancias f\u00edsico-motoras como meu filho Augusto Neto. Al\u00e9m de satisfazer as necessidades gerais do mercado, esse projeto tem como objetivo tamb\u00e9m destinar 50% de todo lucro para a impress\u00e3o de material para quem precisa e infelizmente n\u00e3o tem como pagar.\u00a0<\/span><\/p>\r\n<p><span style=\"font-weight: 400\">Preciso de <\/span><b>1.000.000 <\/b><span style=\"font-weight: 400\">de visualiza\u00e7\u00f5es consolidadas e de prefer\u00eancia org\u00e2nicas, sendo que se eu n\u00e3o for o \u00fanico a ver potencial nessas ideias o projeto que alcan\u00e7ar maior engajamento ser\u00e1 o meu foco principal, sempre \u00e9 claro com a ambi\u00e7\u00e3o de realizar n\u00e3o s\u00f3 um mas <\/span><b>todos os tr\u00eas <\/b><span style=\"font-weight: 400\">projetos.\u00a0<\/span><\/p>\r\n<p><span style=\"font-weight: 400\">Se voc\u00ea chegou aqui e ainda n\u00e3o assistiu ao menos um dos meus v\u00eddeos vai l\u00e1 e assiste,<strong> (augustojunior.com.br)<\/strong> compartilhe a hashtag <\/span><b>#ProjetoAnti171 <\/b><span style=\"font-weight: 400\">com qual projeto voc\u00ea achou mais interessante e, se poss\u00edvel, o porqu\u00ea.\u00a0<\/span><\/p>\r\n<p><b>#projetoAnti171-digitaldreams\u00a0<\/b><\/p>\r\n<p><b>#projetoAnti171-arena360\u00a0<\/b><\/p>\r\n<p><b>#projetoAnti171-bureau3D\u00a0<\/b><\/p>\r\n<p style=\"text-align: center\"><b>\u201cAo falar de distribui\u00e7\u00e3o de renda nunca fale em dividir o que tem, fale em acumular em quem quer produzir, simples assim.\u201d\u00a0<\/b><\/p>\r\n<p><span style=\"font-weight: 400\">O que sempre me impediu de empreender de fato foi a falta de capital e minhas cren\u00e7as limitantes, acredito que existam uma infinidade de empreendedores na mesma situa\u00e7\u00e3o que eu: presos num looping de trabalho e contas a pagar, sem encontrar o tempo para trabalhar nos pr\u00f3prios projetos e escapar da \u201croda do rato\u201d. Estou \u00e0 procura dessas pessoas, que n\u00e3o fogem da responsabilidade de fazer algo para realizar seus objetivos e que queiram ajudar quem tamb\u00e9m est\u00e1 nesse mesmo caminho, buscando solu\u00e7\u00f5es e facilitando o acesso a cr\u00e9dito direto usando conceitos de economia criativa e colaborativa para tirar n\u00e3o s\u00f3 eu mas o m\u00e1ximo de pessoas poss\u00edvel da roda do rato.<\/span><\/p>\r\n<p><span style=\"font-weight: 400\">Se voc\u00ea se identificou e est\u00e1 tamb\u00e9m nessa vibe de buscar solu\u00e7\u00f5es ao inv\u00e9s de ficar somente apontando problemas ou dependendo de governos para resolver sua vida, vem fazer parte dessa iniciativa de incentivo ao empreendedorismo comigo para que possamos gerar riqueza de forma l\u00edcita e transparente.\u00a0<\/span><\/p>\r\n<p><span style=\"font-weight: 400\">Augusto Jr\u00a0<\/span><\/p>\r\n<p style=\"text-align: left\"><span style=\"font-weight: 400\">Empreendedorismo na Veia\u2026<br \/><br \/>Quer colaborar para tirar algum destes projetos da gaveta faz o PIX:<\/span><\/p>\r\n<p><img loading=\"lazy\" decoding=\"async\" class=\"alignnone size-medium wp-image-93 aligncenter\" src=\"https:\/\/augustojunior.com.br\/blog\/wp-content\/uploads\/2022\/05\/Qr-Code-Anti171-300x277.jpeg\" alt=\"anti171@augustojunior.com.br\" width=\"300\" height=\"277\" srcset=\"https:\/\/augustojunior.com.br\/blog\/wp-content\/uploads\/2022\/05\/Qr-Code-Anti171-300x277.jpeg 300w, https:\/\/augustojunior.com.br\/blog\/wp-content\/uploads\/2022\/05\/Qr-Code-Anti171.jpeg 387w\" sizes=\"auto, (max-width: 300px) 100vw, 300px\" \/><\/p>\r\n<p><span style=\"font-weight: 400\">Site Sebrae:\u00a0<\/span><\/p>\r\n<p><span style=\"font-weight: 400\">http:\/\/www.sebrae.com.br\/sites\/PortalSebrae\/artigos\/taxa-de-conversao-o-gra nde-desafio-do-e-<\/span><\/p>\r\n","protected":false},"excerpt":{"rendered":"<p>#ProjetoAnti171 Literal:\u00a0 Artigo 171 do c\u00f3digo penal brasileiro, refere-se a Estelionato: \u201cObter, para si ou para outrem, vantagem il\u00edcita, em preju\u00edzo alheio, induzindo ou mantendo algu\u00e9m em erro, mediante artif\u00edcio, ardil, ou qualquer outro meio fraudulento\u201d:\u00a0 Pena \u2013 reclus\u00e3o, de um a cinco anos, e multa.\u00a0 Desafio:\u00a0 Obter, para mim e para outrem, vantagens l\u00edcitas, &hellip; <\/p>\n<p class=\"link-more\"><a href=\"https:\/\/augustojunior.com.br\/blog\/projeto171\/\" class=\"more-link\">Continue lendo<span class=\"screen-reader-text\"> &#8220;#ProjetoAnti171&#8221;<\/span><\/a><\/p>\n","protected":false},"author":1,"featured_media":0,"parent":0,"menu_order":0,"comment_status":"closed","ping_status":"open","template":"","meta":{"footnotes":""},"class_list":["post-2","page","type-page","status-publish","hentry"],"_links":{"self":[{"href":"https:\/\/augustojunior.com.br\/blog\/wp-json\/wp\/v2\/pages\/2","targetHints":{"allow":["GET"]}}],"collection":[{"href":"https:\/\/augustojunior.com.br\/blog\/wp-json\/wp\/v2\/pages"}],"about":[{"href":"https:\/\/augustojunior.com.br\/blog\/wp-json\/wp\/v2\/types\/page"}],"author":[{"embeddable":true,"href":"https:\/\/augustojunior.com.br\/blog\/wp-json\/wp\/v2\/users\/1"}],"replies":[{"embeddable":true,"href":"https:\/\/augustojunior.com.br\/blog\/wp-json\/wp\/v2\/comments?post=2"}],"version-history":[{"count":7,"href":"https:\/\/augustojunior.com.br\/blog\/wp-json\/wp\/v2\/pages\/2\/revisions"}],"predecessor-version":[{"id":137,"href":"https:\/\/augustojunior.com.br\/blog\/wp-json\/wp\/v2\/pages\/2\/revisions\/137"}],"wp:attachment":[{"href":"https:\/\/augustojunior.com.br\/blog\/wp-json\/wp\/v2\/media?parent=2"}],"curies":[{"name":"wp","href":"https:\/\/api.w.org\/{rel}","templated":true}]}}